{"id":14,"date":"2024-09-14T12:45:04","date_gmt":"2021-03-09T09:03:37","guid":{"rendered":"https:\/\/fersaarquitectura.com\/web\/about-us\/"},"modified":"2025-02-25T16:24:14","modified_gmt":"2025-02-25T22:24:14","slug":"acerca-fersa","status":"publish","type":"page","link":"https:\/\/fersaarquitectura.com\/web\/acerca-fersa\/","title":{"rendered":"Acerca de Nosotros"},"content":{"rendered":"\t\t<div data-elementor-type=\"wp-page\" data-elementor-id=\"14\" class=\"elementor elementor-14\">\n\t\t\t\t<div class=\"elementor-element elementor-element-ff525bc e-flex e-con-boxed e-con e-parent\" data-id=\"ff525bc\" data-element_type=\"container\">\n\t\t\t\t\t<div class=\"e-con-inner\">\n\t\t<div class=\"elementor-element elementor-element-109a1f1 e-con-full e-flex e-con e-child\" data-id=\"109a1f1\" data-element_type=\"container\">\n\t\t\t\t<div class=\"elementor-element elementor-element-1a00ba3 elementor-widget elementor-widget-ruizarch-heading\" data-id=\"1a00ba3\" data-element_type=\"widget\" data-widget_type=\"ruizarch-heading.default\">\n\t\t\t\t<div class=\"elementor-widget-container\">\n\t\t\t\n\t\t<div class=\"mil-left\">\n\t\t\t\t\t\t<div class=\"mil-suptitle mil-el-subtitle mil-upper mil-up mil-mb-30\">\n\t\t\t\t<span >\n\t\t\t\t\t\u00bfQUIENES SOMOS?\t\t\t\t<\/span>\n\t\t\t<\/div>\n\t\t\t\t\t\t\t\t<\/div>\n\n\t\t\t\t<\/div>\n\t\t\t\t<\/div>\n\t\t\t\t<div class=\"elementor-element elementor-element-9914d74 elementor-widget elementor-widget-text-editor\" data-id=\"9914d74\" data-element_type=\"widget\" data-widget_type=\"text-editor.default\">\n\t\t\t\t<div class=\"elementor-widget-container\">\n\t\t\t\t\t\t\t<h4>\u00a0<\/h4>\n<h4>Con m\u00e1s de 25 a\u00f1os de experiencia, el Taller de Arquitectura y Construcci\u00f3n de los Arquitectos Fern\u00e1ndez es el lugar donde tus ideas se transforman en espacios \u00fanicos. Nos apasiona dise\u00f1ar, planificar y construir proyectos.<\/h4>\t\t\t\t\t\t<\/div>\n\t\t\t\t<\/div>\n\t\t\t\t<\/div>\n\t\t<div class=\"elementor-element elementor-element-2b05437 e-con-full e-flex e-con e-child\" data-id=\"2b05437\" data-element_type=\"container\">\n\t\t\t\t<div class=\"elementor-element elementor-element-ce6dff3 elementor-widget elementor-widget-image\" data-id=\"ce6dff3\" data-element_type=\"widget\" data-widget_type=\"image.default\">\n\t\t\t\t<div class=\"elementor-widget-container\">\n\t\t\t\t\t\t\t\t\t\t\t\t\t<img fetchpriority=\"high\" decoding=\"async\" width=\"900\" height=\"563\" src=\"https:\/\/fersaarquitectura.com\/web\/wp-content\/uploads\/2024\/09\/house-wire-frame.png\" class=\"attachment-large size-large wp-image-3531\" alt=\"\" srcset=\"https:\/\/fersaarquitectura.com\/web\/wp-content\/uploads\/2024\/09\/house-wire-frame.png 906w, https:\/\/fersaarquitectura.com\/web\/wp-content\/uploads\/2024\/09\/house-wire-frame-300x188.png 300w, https:\/\/fersaarquitectura.com\/web\/wp-content\/uploads\/2024\/09\/house-wire-frame-768x481.png 768w, https:\/\/fersaarquitectura.com\/web\/wp-content\/uploads\/2024\/09\/house-wire-frame-200x125.png 200w, https:\/\/fersaarquitectura.com\/web\/wp-content\/uploads\/2024\/09\/house-wire-frame-400x250.png 400w, https:\/\/fersaarquitectura.com\/web\/wp-content\/uploads\/2024\/09\/house-wire-frame-800x501.png 800w\" sizes=\"(max-width: 900px) 100vw, 900px\" \/>\t\t\t\t\t\t\t\t\t\t\t\t\t<\/div>\n\t\t\t\t<\/div>\n\t\t\t\t<\/div>\n\t\t\t\t\t<\/div>\n\t\t\t\t<\/div>\n\t\t<div class=\"elementor-element elementor-element-635b4fcf e-con-full e-flex e-con e-parent\" data-id=\"635b4fcf\" data-element_type=\"container\">\n\t\t\t\t<div class=\"elementor-element elementor-element-7e69fa93 elementor-widget elementor-widget-text-editor\" data-id=\"7e69fa93\" data-element_type=\"widget\" data-widget_type=\"text-editor.default\">\n\t\t\t\t<div class=\"elementor-widget-container\">\n\t\t\t\t\t\t\t<div class=\"wp-block-columns has-gray-background-color has-background\">\n<p><!-- wp:column --><\/p>\n<div class=\"wp-block-column\">\n<p><!-- wp:heading {\"level\":4} --><\/p>\n<h4>Desde 1999<\/h4>\n<p><!-- \/wp:heading --><!-- wp:paragraph --><\/p>\n<p>Innovando en el mundo del dise\u00f1o, tanto de interiores como exteriores.<\/p>\n<p><!-- \/wp:paragraph --><\/p>\n<\/div>\n<p><!-- \/wp:column --><!-- wp:column --><\/p>\n<div class=\"wp-block-column\">\n<p><!-- wp:heading {\"level\":4} --><\/p>\n<h4>Expertos<\/h4>\n<p><!-- \/wp:heading --><!-- wp:paragraph --><\/p>\n<p style=\"text-align: left;\">En arquitectura, garantizando resultados de calidad y precisi\u00f3n en los trabajos otorgados.<\/p>\n<p><!-- \/wp:paragraph --><\/p>\n<\/div>\n<p><!-- \/wp:column --><!-- wp:column --><\/p>\n<div class=\"wp-block-column\">\n<p><!-- wp:heading {\"level\":4} --><\/p>\n<h4>3 Pa\u00edses<\/h4>\n<p><!-- \/wp:heading --><!-- wp:paragraph --><\/p>\n<p>Hemos trascendido m\u00e1s all\u00e1 de nuestros territorios, M\u00e9xico y El Salvador unidos.<\/p>\n<p><!-- \/wp:paragraph --><\/p>\n<\/div>\n<p><!-- \/wp:column --><\/p>\n<\/div>\n<p><!-- \/wp:columns --><!-- wp:quote {\"className\":\"is-style-large\"} --><\/p>\n<blockquote id=\"output\" class=\"wp-block-quote is-style-large\">\n<p>Un equipo comprometido con el \u00e9xito y con la innovaci\u00f3n..<\/p>\n<\/blockquote>\n<p><!-- \/wp:quote --><!-- wp:heading {\"textAlign\":\"center\"} --><\/p>\n<h2 class=\"has-text-align-center\">Nuestra historia<\/h2>\n<p><!-- \/wp:heading --><!-- wp:paragraph --><\/p>\n<p>Hemos trabajado proyectos a nivel privado como condominios, oficinas, colegios, bodegas, urbanizaciones, y laboratorios farmac\u00e9uticos. Y a nivel estatales como escuelas, centros de acopio, carreteras, pavimentaciones y proyectos de agua. Los proyectos se han desarrollado en la ciudad y en departamentos como <strong>Huehuetenango, Quich\u00e9, Pet\u00e9n, Alta Verapaz, Jutiapa, Jalapa, Escuintla, Retalhuleu, Sacatepequez y Quetzaltenango.<\/strong><\/p>\n<h2 class=\"has-text-align-center\">Nuestros valores<\/h2>\n<p style=\"text-align: center;\">Honestidad, responsabilidad, dinamismo, creatividad, excelencia<\/p>\n<p><!-- \/wp:paragraph --><!-- wp:heading {\"textAlign\":\"center\"} --><\/p>\n<p><!-- \/wp:paragraph --><\/p>\t\t\t\t\t\t<\/div>\n\t\t\t\t<\/div>\n\t\t\t\t<\/div>\n\t\t<div class=\"elementor-element elementor-element-d378271 e-flex e-con-boxed e-con e-parent\" data-id=\"d378271\" data-element_type=\"container\">\n\t\t\t\t\t<div class=\"e-con-inner\">\n\t\t<div class=\"elementor-element elementor-element-661d246 e-con-full e-flex e-con e-child\" data-id=\"661d246\" data-element_type=\"container\">\n\t\t\t\t<div class=\"elementor-element elementor-element-7bb633c elementor-widget elementor-widget-image\" data-id=\"7bb633c\" data-element_type=\"widget\" data-widget_type=\"image.default\">\n\t\t\t\t<div class=\"elementor-widget-container\">\n\t\t\t\t\t\t\t\t\t\t\t\t\t<img decoding=\"async\" width=\"536\" height=\"567\" src=\"https:\/\/fersaarquitectura.com\/web\/wp-content\/uploads\/2024\/09\/house-wire-frame2-1.png\" class=\"attachment-large size-large wp-image-3540\" alt=\"\" srcset=\"https:\/\/fersaarquitectura.com\/web\/wp-content\/uploads\/2024\/09\/house-wire-frame2-1.png 536w, https:\/\/fersaarquitectura.com\/web\/wp-content\/uploads\/2024\/09\/house-wire-frame2-1-284x300.png 284w, https:\/\/fersaarquitectura.com\/web\/wp-content\/uploads\/2024\/09\/house-wire-frame2-1-200x212.png 200w, https:\/\/fersaarquitectura.com\/web\/wp-content\/uploads\/2024\/09\/house-wire-frame2-1-400x423.png 400w\" sizes=\"(max-width: 536px) 100vw, 536px\" \/>\t\t\t\t\t\t\t\t\t\t\t\t\t<\/div>\n\t\t\t\t<\/div>\n\t\t\t\t<\/div>\n\t\t<div class=\"elementor-element elementor-element-18118c1 e-con-full e-flex e-con e-child\" data-id=\"18118c1\" data-element_type=\"container\">\n\t\t\t\t<div class=\"elementor-element elementor-element-8fb57bb elementor-widget elementor-widget-image\" data-id=\"8fb57bb\" data-element_type=\"widget\" data-widget_type=\"image.default\">\n\t\t\t\t<div class=\"elementor-widget-container\">\n\t\t\t\t\t\t\t\t\t\t\t\t\t<img decoding=\"async\" width=\"300\" height=\"83\" src=\"https:\/\/fersaarquitectura.com\/web\/wp-content\/uploads\/2024\/09\/mision-300x83.jpg\" class=\"attachment-medium size-medium wp-image-3557\" alt=\"\" srcset=\"https:\/\/fersaarquitectura.com\/web\/wp-content\/uploads\/2024\/09\/mision-300x83.jpg 300w, https:\/\/fersaarquitectura.com\/web\/wp-content\/uploads\/2024\/09\/mision-200x55.jpg 200w, https:\/\/fersaarquitectura.com\/web\/wp-content\/uploads\/2024\/09\/mision-400x110.jpg 400w, https:\/\/fersaarquitectura.com\/web\/wp-content\/uploads\/2024\/09\/mision.jpg 424w\" sizes=\"(max-width: 300px) 100vw, 300px\" \/>\t\t\t\t\t\t\t\t\t\t\t\t\t<\/div>\n\t\t\t\t<\/div>\n\t\t\t\t<div class=\"elementor-element elementor-element-a1a9638 elementor-widget elementor-widget-text-editor\" data-id=\"a1a9638\" data-element_type=\"widget\" data-widget_type=\"text-editor.default\">\n\t\t\t\t<div class=\"elementor-widget-container\">\n\t\t\t\t\t\t\t<p data-wp-editing=\"1\"><img loading=\"lazy\" decoding=\"async\" class=\" wp-image-254 alignleft\" role=\"img\" src=\"https:\/\/fersaarquitectura.com\/web\/wp-content\/uploads\/2024\/05\/icons-6.svg\" alt=\"\" width=\"51\" height=\"51\" \/>Plasmar de forma tangible a trav\u00e9s de la arquitectura y construcci\u00f3n los sue\u00f1os de nuestros clientes satisfaciendo las expectativas y necesidades del<br \/>cliente-usuario.<\/p>\t\t\t\t\t\t<\/div>\n\t\t\t\t<\/div>\n\t\t\t\t<div class=\"elementor-element elementor-element-355b053 elementor-widget elementor-widget-image\" data-id=\"355b053\" data-element_type=\"widget\" data-widget_type=\"image.default\">\n\t\t\t\t<div class=\"elementor-widget-container\">\n\t\t\t\t\t\t\t\t\t\t\t\t\t<img loading=\"lazy\" decoding=\"async\" width=\"300\" height=\"83\" src=\"https:\/\/fersaarquitectura.com\/web\/wp-content\/uploads\/2024\/09\/vision-300x83.jpg\" class=\"attachment-medium size-medium wp-image-3558\" alt=\"\" srcset=\"https:\/\/fersaarquitectura.com\/web\/wp-content\/uploads\/2024\/09\/vision-300x83.jpg 300w, https:\/\/fersaarquitectura.com\/web\/wp-content\/uploads\/2024\/09\/vision-200x55.jpg 200w, https:\/\/fersaarquitectura.com\/web\/wp-content\/uploads\/2024\/09\/vision-400x110.jpg 400w, https:\/\/fersaarquitectura.com\/web\/wp-content\/uploads\/2024\/09\/vision.jpg 424w\" sizes=\"(max-width: 300px) 100vw, 300px\" \/>\t\t\t\t\t\t\t\t\t\t\t\t\t<\/div>\n\t\t\t\t<\/div>\n\t\t\t\t<div class=\"elementor-element elementor-element-c007960 elementor-widget elementor-widget-text-editor\" data-id=\"c007960\" data-element_type=\"widget\" data-widget_type=\"text-editor.default\">\n\t\t\t\t<div class=\"elementor-widget-container\">\n\t\t\t\t\t\t\t<p><img loading=\"lazy\" decoding=\"async\" class=\" wp-image-254 alignleft\" role=\"img\" src=\"https:\/\/fersaarquitectura.com\/web\/wp-content\/uploads\/2024\/05\/icons-6.svg\" alt=\"\" width=\"51\" height=\"51\" \/>Ser una desarrolladora de proyectos que se identifique por sus soluciones integrales con excelencia.<\/p>\t\t\t\t\t\t<\/div>\n\t\t\t\t<\/div>\n\t\t\t\t<\/div>\n\t\t\t\t\t<\/div>\n\t\t\t\t<\/div>\n\t\t<div class=\"elementor-element elementor-element-62310b7 e-flex e-con-boxed e-con e-parent\" data-id=\"62310b7\" data-element_type=\"container\">\n\t\t\t\t\t<div class=\"e-con-inner\">\n\t\t\t\t<div class=\"elementor-element elementor-element-bd0369c elementor-align-left elementor-widget elementor-widget-bdt-creative-button\" data-id=\"bd0369c\" data-element_type=\"widget\" data-widget_type=\"bdt-creative-button.default\">\n\t\t\t\t<div class=\"elementor-widget-container\">\n\t\t\t\t\t\t\t\t<a href=\"https:\/\/fersaarquitectura.com\/web\/docs\/fersa-2024.pdf\" target=\"_blank\" class=\"bdt-ep-creative-button bdt-ep-creative-button--greip elementor-animation-shrink\"><span><span>Descargar presentaci\u00f3n<\/span><\/span><\/a>\n\t\t\n\t\t\t\t<\/div>\n\t\t\t\t<\/div>\n\t\t\t\t\t<\/div>\n\t\t\t\t<\/div>\n\t\t\t\t<\/div>\n\t\t","protected":false},"excerpt":{"rendered":"<p>\u00bfQUIENES SOMOS? \u00a0 Con m\u00e1s de 25 a\u00f1os de experiencia, el Taller de Arquitectura y Construcci\u00f3n de los&#8230; <br \/><a href=\"https:\/\/fersaarquitectura.com\/web\/acerca-fersa\/\" class=\"mil-link mil-upper mil-up mil-mt-30\"><span>Read<\/span><span class=\"mil-arrow\"><img decoding=\"async\" src=\"https:\/\/fersaarquitectura.com\/web\/wp-content\/themes\/ruizarch\/assets\/img\/icons\/1.svg\" alt=\"arrow\"><\/span><\/a><\/p>\n","protected":false},"author":1,"featured_media":3643,"parent":0,"menu_order":0,"comment_status":"closed","ping_status":"closed","template":"","meta":{"_acf_changed":false,"footnotes":""},"class_list":["post-14","page","type-page","status-publish","has-post-thumbnail","hentry"],"acf":[],"aioseo_notices":[],"_links":{"self":[{"href":"https:\/\/fersaarquitectura.com\/web\/wp-json\/wp\/v2\/pages\/14","targetHints":{"allow":["GET"]}}],"collection":[{"href":"https:\/\/fersaarquitectura.com\/web\/wp-json\/wp\/v2\/pages"}],"about":[{"href":"https:\/\/fersaarquitectura.com\/web\/wp-json\/wp\/v2\/types\/page"}],"author":[{"embeddable":true,"href":"https:\/\/fersaarquitectura.com\/web\/wp-json\/wp\/v2\/users\/1"}],"replies":[{"embeddable":true,"href":"https:\/\/fersaarquitectura.com\/web\/wp-json\/wp\/v2\/comments?post=14"}],"version-history":[{"count":72,"href":"https:\/\/fersaarquitectura.com\/web\/wp-json\/wp\/v2\/pages\/14\/revisions"}],"predecessor-version":[{"id":3881,"href":"https:\/\/fersaarquitectura.com\/web\/wp-json\/wp\/v2\/pages\/14\/revisions\/3881"}],"wp:featuredmedia":[{"embeddable":true,"href":"https:\/\/fersaarquitectura.com\/web\/wp-json\/wp\/v2\/media\/3643"}],"wp:attachment":[{"href":"https:\/\/fersaarquitectura.com\/web\/wp-json\/wp\/v2\/media?parent=14"}],"curies":[{"name":"wp","href":"https:\/\/api.w.org\/{rel}","templated":true}]}}