{"id":2499,"date":"2024-09-14T12:52:05","date_gmt":"2021-03-09T14:11:37","guid":{"rendered":"https:\/\/fersaarquitectura.com\/web\/services\/"},"modified":"2024-09-20T05:54:34","modified_gmt":"2024-09-20T11:54:34","slug":"servicios","status":"publish","type":"page","link":"https:\/\/fersaarquitectura.com\/web\/servicios\/","title":{"rendered":"Servicios"},"content":{"rendered":"\t\t<div data-elementor-type=\"wp-page\" data-elementor-id=\"2499\" class=\"elementor elementor-2499\">\n\t\t\t\t<div class=\"elementor-element elementor-element-7068477 e-flex e-con-boxed e-con e-parent\" data-id=\"7068477\" data-element_type=\"container\">\n\t\t\t\t\t<div class=\"e-con-inner\">\n\t\t\t\t<div class=\"elementor-element elementor-element-8406f0f elementor-widget elementor-widget-text-editor\" data-id=\"8406f0f\" data-element_type=\"widget\" data-widget_type=\"text-editor.default\">\n\t\t\t\t<div class=\"elementor-widget-container\">\n\t\t\t\t\t\t\t<blockquote><p>Nuestros servicios est\u00e1n enfocados en la calidad y en el compromiso<\/p><\/blockquote>\t\t\t\t\t\t<\/div>\n\t\t\t\t<\/div>\n\t\t\t\t\t<\/div>\n\t\t\t\t<\/div>\n\t\t<div class=\"elementor-element elementor-element-1655aae e-flex e-con-boxed e-con e-parent\" data-id=\"1655aae\" data-element_type=\"container\">\n\t\t\t\t\t<div class=\"e-con-inner\">\n\t\t<div class=\"elementor-element elementor-element-05e8a5e e-con-full e-flex e-con e-child\" data-id=\"05e8a5e\" data-element_type=\"container\">\n\t\t\t\t<div class=\"elementor-element elementor-element-e4852b1 elementor-widget elementor-widget-image\" data-id=\"e4852b1\" data-element_type=\"widget\" data-widget_type=\"image.default\">\n\t\t\t\t<div class=\"elementor-widget-container\">\n\t\t\t\t\t\t\t\t\t\t\t\t\t<img decoding=\"async\" width=\"102\" height=\"98\" src=\"https:\/\/fersaarquitectura.com\/web\/wp-content\/uploads\/2024\/09\/service1.png\" class=\"attachment-medium size-medium wp-image-3576\" alt=\"\" \/>\t\t\t\t\t\t\t\t\t\t\t\t\t<\/div>\n\t\t\t\t<\/div>\n\t\t\t\t<div class=\"elementor-element elementor-element-4153823 elementor-widget-divider--view-line elementor-widget elementor-widget-divider\" data-id=\"4153823\" data-element_type=\"widget\" data-widget_type=\"divider.default\">\n\t\t\t\t<div class=\"elementor-widget-container\">\n\t\t\t\t\t<div class=\"elementor-divider\">\n\t\t\t<span class=\"elementor-divider-separator\">\n\t\t\t\t\t\t<\/span>\n\t\t<\/div>\n\t\t\t\t<\/div>\n\t\t\t\t<\/div>\n\t\t\t\t<div class=\"elementor-element elementor-element-1547aa7 elementor-widget elementor-widget-text-editor\" data-id=\"1547aa7\" data-element_type=\"widget\" data-widget_type=\"text-editor.default\">\n\t\t\t\t<div class=\"elementor-widget-container\">\n\t\t\t\t\t\t\t<p style=\"text-align: center;\">Desarrollo inmobiliario<\/p>\t\t\t\t\t\t<\/div>\n\t\t\t\t<\/div>\n\t\t\t\t<\/div>\n\t\t<div class=\"elementor-element elementor-element-6e54618 e-con-full e-flex e-con e-child\" data-id=\"6e54618\" data-element_type=\"container\">\n\t\t\t\t<div class=\"elementor-element elementor-element-17bdf44 elementor-widget elementor-widget-image\" data-id=\"17bdf44\" data-element_type=\"widget\" data-widget_type=\"image.default\">\n\t\t\t\t<div class=\"elementor-widget-container\">\n\t\t\t\t\t\t\t\t\t\t\t\t\t<img decoding=\"async\" width=\"102\" height=\"99\" src=\"https:\/\/fersaarquitectura.com\/web\/wp-content\/uploads\/2024\/09\/service2.png\" class=\"attachment-medium size-medium wp-image-3580\" alt=\"\" \/>\t\t\t\t\t\t\t\t\t\t\t\t\t<\/div>\n\t\t\t\t<\/div>\n\t\t\t\t<div class=\"elementor-element elementor-element-c0d8058 elementor-widget-divider--view-line elementor-widget elementor-widget-divider\" data-id=\"c0d8058\" data-element_type=\"widget\" data-widget_type=\"divider.default\">\n\t\t\t\t<div class=\"elementor-widget-container\">\n\t\t\t\t\t<div class=\"elementor-divider\">\n\t\t\t<span class=\"elementor-divider-separator\">\n\t\t\t\t\t\t<\/span>\n\t\t<\/div>\n\t\t\t\t<\/div>\n\t\t\t\t<\/div>\n\t\t\t\t<div class=\"elementor-element elementor-element-834a6f0 elementor-widget elementor-widget-text-editor\" data-id=\"834a6f0\" data-element_type=\"widget\" data-widget_type=\"text-editor.default\">\n\t\t\t\t<div class=\"elementor-widget-container\">\n\t\t\t\t\t\t\t<p style=\"text-align: center;\">Dise\u00f1o de proyectos<br \/>residenciales,<br \/>comerciales e<br \/>industriales<\/p>\t\t\t\t\t\t<\/div>\n\t\t\t\t<\/div>\n\t\t\t\t<\/div>\n\t\t<div class=\"elementor-element elementor-element-7d94426 e-con-full e-flex e-con e-child\" data-id=\"7d94426\" data-element_type=\"container\">\n\t\t\t\t<div class=\"elementor-element elementor-element-e903c7e elementor-widget elementor-widget-image\" data-id=\"e903c7e\" data-element_type=\"widget\" data-widget_type=\"image.default\">\n\t\t\t\t<div class=\"elementor-widget-container\">\n\t\t\t\t\t\t\t\t\t\t\t\t\t<img decoding=\"async\" width=\"103\" height=\"100\" src=\"https:\/\/fersaarquitectura.com\/web\/wp-content\/uploads\/2024\/09\/service3.png\" class=\"attachment-large size-large wp-image-3581\" alt=\"\" \/>\t\t\t\t\t\t\t\t\t\t\t\t\t<\/div>\n\t\t\t\t<\/div>\n\t\t\t\t<div class=\"elementor-element elementor-element-c2ecf56 elementor-widget-divider--view-line elementor-widget elementor-widget-divider\" data-id=\"c2ecf56\" data-element_type=\"widget\" data-widget_type=\"divider.default\">\n\t\t\t\t<div class=\"elementor-widget-container\">\n\t\t\t\t\t<div class=\"elementor-divider\">\n\t\t\t<span class=\"elementor-divider-separator\">\n\t\t\t\t\t\t<\/span>\n\t\t<\/div>\n\t\t\t\t<\/div>\n\t\t\t\t<\/div>\n\t\t\t\t<div class=\"elementor-element elementor-element-763ccb6 elementor-widget elementor-widget-text-editor\" data-id=\"763ccb6\" data-element_type=\"widget\" data-widget_type=\"text-editor.default\">\n\t\t\t\t<div class=\"elementor-widget-container\">\n\t\t\t\t\t\t\t<p style=\"text-align: center;\">Dise\u00f1o de<br \/>interiores<\/p>\t\t\t\t\t\t<\/div>\n\t\t\t\t<\/div>\n\t\t\t\t<\/div>\n\t\t<div class=\"elementor-element elementor-element-90cc4b9 e-con-full e-flex e-con e-child\" data-id=\"90cc4b9\" data-element_type=\"container\">\n\t\t\t\t<div class=\"elementor-element elementor-element-d5c8efd elementor-widget elementor-widget-image\" data-id=\"d5c8efd\" data-element_type=\"widget\" data-widget_type=\"image.default\">\n\t\t\t\t<div class=\"elementor-widget-container\">\n\t\t\t\t\t\t\t\t\t\t\t\t\t<img loading=\"lazy\" decoding=\"async\" width=\"102\" height=\"101\" src=\"https:\/\/fersaarquitectura.com\/web\/wp-content\/uploads\/2024\/09\/service4.png\" class=\"attachment-large size-large wp-image-3582\" alt=\"\" \/>\t\t\t\t\t\t\t\t\t\t\t\t\t<\/div>\n\t\t\t\t<\/div>\n\t\t\t\t<div class=\"elementor-element elementor-element-c9331c6 elementor-widget-divider--view-line elementor-widget elementor-widget-divider\" data-id=\"c9331c6\" data-element_type=\"widget\" data-widget_type=\"divider.default\">\n\t\t\t\t<div class=\"elementor-widget-container\">\n\t\t\t\t\t<div class=\"elementor-divider\">\n\t\t\t<span class=\"elementor-divider-separator\">\n\t\t\t\t\t\t<\/span>\n\t\t<\/div>\n\t\t\t\t<\/div>\n\t\t\t\t<\/div>\n\t\t\t\t<div class=\"elementor-element elementor-element-5997817 elementor-widget elementor-widget-text-editor\" data-id=\"5997817\" data-element_type=\"widget\" data-widget_type=\"text-editor.default\">\n\t\t\t\t<div class=\"elementor-widget-container\">\n\t\t\t\t\t\t\t<p style=\"text-align: center;\">Gesti\u00f3n de<br \/>Proyectos<br \/>constructivos<\/p>\t\t\t\t\t\t<\/div>\n\t\t\t\t<\/div>\n\t\t\t\t<\/div>\n\t\t\t\t\t<\/div>\n\t\t\t\t<\/div>\n\t\t\t\t<\/div>\n\t\t","protected":false},"excerpt":{"rendered":"<p>Nuestros servicios est\u00e1n enfocados en la calidad y en el compromiso Desarrollo inmobiliario Dise\u00f1o de proyectosresidenciales,comerciales eindustriales Dise\u00f1o&#8230; <br \/><a href=\"https:\/\/fersaarquitectura.com\/web\/servicios\/\" class=\"mil-link mil-upper mil-up mil-mt-30\"><span>Read<\/span><span class=\"mil-arrow\"><img decoding=\"async\" src=\"https:\/\/fersaarquitectura.com\/web\/wp-content\/themes\/ruizarch\/assets\/img\/icons\/1.svg\" alt=\"arrow\"><\/span><\/a><\/p>\n","protected":false},"author":1,"featured_media":23,"parent":0,"menu_order":0,"comment_status":"closed","ping_status":"closed","template":"","meta":{"_acf_changed":false,"footnotes":""},"class_list":["post-2499","page","type-page","status-publish","has-post-thumbnail","hentry"],"acf":[],"aioseo_notices":[],"_links":{"self":[{"href":"https:\/\/fersaarquitectura.com\/web\/wp-json\/wp\/v2\/pages\/2499","targetHints":{"allow":["GET"]}}],"collection":[{"href":"https:\/\/fersaarquitectura.com\/web\/wp-json\/wp\/v2\/pages"}],"about":[{"href":"https:\/\/fersaarquitectura.com\/web\/wp-json\/wp\/v2\/types\/page"}],"author":[{"embeddable":true,"href":"https:\/\/fersaarquitectura.com\/web\/wp-json\/wp\/v2\/users\/1"}],"replies":[{"embeddable":true,"href":"https:\/\/fersaarquitectura.com\/web\/wp-json\/wp\/v2\/comments?post=2499"}],"version-history":[{"count":19,"href":"https:\/\/fersaarquitectura.com\/web\/wp-json\/wp\/v2\/pages\/2499\/revisions"}],"predecessor-version":[{"id":3600,"href":"https:\/\/fersaarquitectura.com\/web\/wp-json\/wp\/v2\/pages\/2499\/revisions\/3600"}],"wp:featuredmedia":[{"embeddable":true,"href":"https:\/\/fersaarquitectura.com\/web\/wp-json\/wp\/v2\/media\/23"}],"wp:attachment":[{"href":"https:\/\/fersaarquitectura.com\/web\/wp-json\/wp\/v2\/media?parent=2499"}],"curies":[{"name":"wp","href":"https:\/\/api.w.org\/{rel}","templated":true}]}}