{"id":3350,"date":"2024-09-14T15:21:17","date_gmt":"2024-09-14T13:21:17","guid":{"rendered":"https:\/\/fersaarquitectura.com\/web\/?page_id=3350"},"modified":"2025-02-18T10:35:39","modified_gmt":"2025-02-18T16:35:39","slug":"inicio","status":"publish","type":"page","link":"https:\/\/fersaarquitectura.com\/web\/","title":{"rendered":"Inicio"},"content":{"rendered":"\t\t<div data-elementor-type=\"wp-page\" data-elementor-id=\"3350\" class=\"elementor elementor-3350\">\n\t\t\t\t<div class=\"elementor-element elementor-element-25853c3 e-con-full e-flex e-con e-parent\" data-id=\"25853c3\" data-element_type=\"container\">\n\t\t\t\t<div class=\"elementor-element elementor-element-f45bef0 elementor-widget elementor-widget-ruizarch-hero-image\" data-id=\"f45bef0\" data-element_type=\"widget\" data-widget_type=\"ruizarch-hero-image.default\">\n\t\t\t\t<div class=\"elementor-widget-container\">\n\t\t\t\t\t\n\t\t<!-- banner -->\n\t\t<section class=\"mil-banner\">\n\t\t\t\t\t\t<img decoding=\"async\" src=\"https:\/\/fersaarquitectura.com\/web\/wp-content\/uploads\/2024\/09\/pexels-expect-best-79873-323780-scaled.jpg\" class=\"mil-bg-img mil-scale\" data-value-1=\".4\" data-value-2=\"1.4\" alt=\"Image\" \/>\n\t\t\t\t\t\t<div class=\"mil-overlay\" style=\"opacity: 1;\"><\/div>\n\t\t\t<div class=\"container\">\n\t\t\t\t<div class=\"mil-background-grid mil-top-space\"><\/div>\n\t\t\t\t<div class=\"mil-banner-content\">\n\t\t\t\t\t<div class=\"row align-items-end\">\n\t\t\t\t\t\t<div class=\"col-xl-7\">\n\n\t\t\t\t\t\t\t<div class=\"mil-mb-90\">\n\t\t\t\t\t\t\t\t\t\t\t\t\t\t\t\t<span class=\"mil-suptitle mil-light mil-upper mil-mb-60\">\n\t\t\t\t\t\t\t\t\t<span >\n\t\t\t\t\t\t\t\t\t\tM\u00c1S QUE UNA EMPRESA DE ARQUITECTURA\t\t\t\t\t\t\t\t\t<\/span>\n\t\t\t\t\t\t\t\t<\/span>\n\t\t\t\t\t\t\t\t\t\t\t\t\t\t\t\t\t\t\t\t\t\t\t\t<h1 class=\"mil-el-title mil-upper mil-light mil-mb-60\">\n\t\t\t\t\t\t\t\t\t<span >\n\t\t\t\t\t\t\t\t\t\tRemodelaciones, \n<span class=\"mil-accent\">construcciones<\/span> y m\u00e1s\t\t\t\t\t\t\t\t\t<\/span>\n\t\t\t\t\t\t\t\t<\/h1>\n\t\t\t\t\t\t\t\t\t\t\t\t\t\t\t\t\t\t\t\t\t\t\t\t<a href=\"https:\/\/fersaarquitectura.com\/web\/acerca-fersa\/\" class=\"mil-link mil-light mil-upper\">\n\t\t\t\t\t\t\t\t\t<span >\n\t\t\t\t\t\t\t\t\t\tCONOCE M\u00c1S\t\t\t\t\t\t\t\t\t<\/span>\n\t\t\t\t\t\t\t\t\t<span class=\"mil-arrow\"><img decoding=\"async\" src=\"https:\/\/fersaarquitectura.com\/web\/wp-content\/themes\/ruizarch\/assets\/img\/icons\/1.svg\" alt=\"icon\"><\/span>\n\t\t\t\t\t\t\t\t<\/a>\n\t\t\t\t\t\t\t\t\t\t\t\t\t\t\t<\/div>\n\n\t\t\t\t\t\t<\/div>\n\t\t\t\t\t\t<div class=\"col-xl-5\">\n\t\t\t\t\t\t\t\t\t\t\t\t\t\t<div class=\"row mil-mb-60\">\n\t\t\t\t\t\t\t\t\t\t\t\t\t\t\t\t<div class=\"col-6\">\n\t\t\t\t\t\t\t\t\t<div class=\"mil-counter-frame mil-light mil-mb-30\">\n\t\t\t\t\t\t\t\t\t\t\t\t\t\t\t\t\t\t\t\t<h4 class=\"mil-accent mil-thin mil-mb-10\">\n\t\t\t\t\t\t\t\t\t\t\t<span class=\"mil-counter\" data-number=\"30\">0<\/span>+\t\t\t\t\t\t\t\t\t\t<\/h4>\n\t\t\t\t\t\t\t\t\t\t\t\t\t\t\t\t\t\t\t\t\t\t\t\t\t\t\t\t\t\t<p class=\"mil-light\">\n\t\t\t\t\t\t\t\t\t\t\t<span >\n\t\t\t\t\t\t\t\t\t\t\t\tA\u00f1os de experiencia\t\t\t\t\t\t\t\t\t\t\t<\/span>\n\t\t\t\t\t\t\t\t\t\t<\/p>\n\t\t\t\t\t\t\t\t\t\t\t\t\t\t\t\t\t\t\t<\/div>\n\t\t\t\t\t\t\t\t<\/div>\n\t\t\t\t\t\t\t\t\t\t\t\t\t\t\t\t<div class=\"col-6\">\n\t\t\t\t\t\t\t\t\t<div class=\"mil-counter-frame mil-light mil-mb-30\">\n\t\t\t\t\t\t\t\t\t\t\t\t\t\t\t\t\t\t\t\t<h4 class=\"mil-accent mil-thin mil-mb-10\">\n\t\t\t\t\t\t\t\t\t\t\t<span class=\"mil-counter\" data-number=\"250\">0<\/span>+\t\t\t\t\t\t\t\t\t\t<\/h4>\n\t\t\t\t\t\t\t\t\t\t\t\t\t\t\t\t\t\t\t\t\t\t\t\t\t\t\t\t\t\t<p class=\"mil-light\">\n\t\t\t\t\t\t\t\t\t\t\t<span >\n\t\t\t\t\t\t\t\t\t\t\t\tProyectos ejecutados\t\t\t\t\t\t\t\t\t\t\t<\/span>\n\t\t\t\t\t\t\t\t\t\t<\/p>\n\t\t\t\t\t\t\t\t\t\t\t\t\t\t\t\t\t\t\t<\/div>\n\t\t\t\t\t\t\t\t<\/div>\n\t\t\t\t\t\t\t\t\t\t\t\t\t\t\t<\/div>\n\t\t\t\t\t\t\t\t\t\t\t\t\t<\/div>\n\t\t\t\t\t<\/div>\n\t\t\t\t<\/div>\n\t\t\t<\/div>\n\t\t<\/section>\n\t\t<!-- banner end -->\n\n\t\t\t\t<\/div>\n\t\t\t\t<\/div>\n\t\t\t\t<\/div>\n\t\t<div class=\"elementor-element elementor-element-3d3c65e e-flex e-con-boxed e-con e-parent\" data-id=\"3d3c65e\" data-element_type=\"container\">\n\t\t\t\t\t<div class=\"e-con-inner\">\n\t\t<div class=\"elementor-element elementor-element-7ea7d5b e-con-full e-flex e-con e-child\" data-id=\"7ea7d5b\" data-element_type=\"container\">\n\t\t\t\t<div class=\"elementor-element elementor-element-d593f9e elementor-widget__width-auto elementor-widget elementor-widget-ruizarch-about-image\" data-id=\"d593f9e\" data-element_type=\"widget\" data-widget_type=\"ruizarch-about-image.default\">\n\t\t\t\t<div class=\"elementor-widget-container\">\n\t\t\t\n\t\t<div class=\"mil-illustration mil-up\">\n\t\t\t\t\t\t<div class=\"mil-image-frame\">\n\t\t\t\t<img decoding=\"async\" src=\"https:\/\/fersaarquitectura.com\/web\/wp-content\/uploads\/2024\/09\/WhatsApp-Image-2024-09-17-at-16.16.24.jpeg\" alt=\"\" class=\"mil-scale\" data-value-1=\"1\" data-value-2=\"1.3\">\n\t\t\t<\/div>\n\t\t\t\n\t\t\t\t\t\t<div class=\"mil-about-counter\">\n\t\t\t\t\t\t\t\t<div class=\"mil-h1 mil-counter mil-right mil-mb-10\" data-number=\"30\">\n\t\t\t\t\t<span >\n\t\t\t\t\t\t30\t\t\t\t\t<\/span>\n\t\t\t\t<\/div>\n\t\t\t\t\t\t\t\t\t\t\t\t<h5 class=\"mil-el-label mil-upper mil-right\">\n\t\t\t\t\t<span >\n\t\t\t\t\t\tA\u00f1os de <br>\nservicio\t\t\t\t\t<\/span>\n\t\t\t\t<\/h5>\n\t\t\t\t\t\t\t<\/div>\n\t\t\t\t\t\t\n\t\t\t\n\t\t<\/div>\n\n\t\t\t\t<\/div>\n\t\t\t\t<\/div>\n\t\t\t\t<\/div>\n\t\t<div class=\"elementor-element elementor-element-4c4bb73 e-con-full e-flex e-con e-child\" data-id=\"4c4bb73\" data-element_type=\"container\">\n\t\t\t\t<div class=\"elementor-element elementor-element-6686834 elementor-widget elementor-widget-ruizarch-heading\" data-id=\"6686834\" data-element_type=\"widget\" data-widget_type=\"ruizarch-heading.default\">\n\t\t\t\t<div class=\"elementor-widget-container\">\n\t\t\t\n\t\t<div class=\"mil-left\">\n\t\t\t\t\t\t<div class=\"mil-suptitle mil-el-subtitle mil-upper mil-up mil-mb-30 mil-light\">\n\t\t\t\t<span >\n\t\t\t\t\tACERCA DE FERSA\t\t\t\t<\/span>\n\t\t\t<\/div>\n\t\t\t\t\t\t\t\t\t<h2 class=\"mil-upper mil-up mil-mb-30 mil-light\">\n\t\t\t\t<span >\n\t\t\t\t\tgrandes experiencias\t\t\t\t<\/span>\n\t\t\t<\/h2>\n\t\t\t\t\t<\/div>\n\n\t\t\t\t<\/div>\n\t\t\t\t<\/div>\n\t\t\t\t<div class=\"elementor-element elementor-element-12b5b1a elementor-widget elementor-widget-ruizarch-description\" data-id=\"12b5b1a\" data-element_type=\"widget\" data-widget_type=\"ruizarch-description.default\">\n\t\t\t\t<div class=\"elementor-widget-container\">\n\t\t\t\n\t\t\t\t<div class=\"mil-text mil-up mil-mb-30\">\n\t\t\t<div >\n\t\t\t\t<p><img decoding=\"async\" class=\"alignnone wp-image-3470\" src=\"https:\/\/fersaarquitectura.com\/web\/wp-content\/uploads\/2024\/09\/logo-normal-1-300x151.png\" alt=\"\" width=\"127\" height=\"64\" srcset=\"https:\/\/fersaarquitectura.com\/web\/wp-content\/uploads\/2024\/09\/logo-normal-1-300x151.png 300w, https:\/\/fersaarquitectura.com\/web\/wp-content\/uploads\/2024\/09\/logo-normal-1-200x101.png 200w, https:\/\/fersaarquitectura.com\/web\/wp-content\/uploads\/2024\/09\/logo-normal-1-400x202.png 400w, https:\/\/fersaarquitectura.com\/web\/wp-content\/uploads\/2024\/09\/logo-normal-1.png 641w\" sizes=\"(max-width: 127px) 100vw, 127px\" \/><\/p>\t\t\t<\/div>\n\t\t<\/div>\n\t\t\n\t\t\t\t<\/div>\n\t\t\t\t<\/div>\n\t\t\t\t<div class=\"elementor-element elementor-element-419d2f1 elementor-widget__width-initial elementor-widget elementor-widget-image\" data-id=\"419d2f1\" data-element_type=\"widget\" data-widget_type=\"image.default\">\n\t\t\t\t<div class=\"elementor-widget-container\">\n\t\t\t\t\t\t\t\t\t\t\t\t\t<img decoding=\"async\" src=\"https:\/\/fersaarquitectura.com\/web\/wp-content\/uploads\/2024\/09\/banner1.png\" title=\"banner1\" alt=\"banner1\" loading=\"lazy\" \/>\t\t\t\t\t\t\t\t\t\t\t\t\t<\/div>\n\t\t\t\t<\/div>\n\t\t\t\t<\/div>\n\t\t\t\t\t<\/div>\n\t\t\t\t<\/div>\n\t\t<div class=\"elementor-element elementor-element-a71a43a e-flex e-con-boxed e-con e-parent\" data-id=\"a71a43a\" data-element_type=\"container\">\n\t\t\t\t\t<div class=\"e-con-inner\">\n\t\t<div class=\"elementor-element elementor-element-ac19d03 e-con-full e-flex e-con e-child\" data-id=\"ac19d03\" data-element_type=\"container\" data-settings=\"{&quot;background_background&quot;:&quot;classic&quot;}\">\n\t\t\t\t<div class=\"elementor-element elementor-element-3426a6a elementor-widget elementor-widget-ruizarch-heading\" data-id=\"3426a6a\" data-element_type=\"widget\" data-widget_type=\"ruizarch-heading.default\">\n\t\t\t\t<div class=\"elementor-widget-container\">\n\t\t\t\n\t\t<div class=\"mil-left\">\n\t\t\t\t\t\t<div class=\"mil-suptitle mil-el-subtitle mil-upper mil-up mil-mb-30\">\n\t\t\t\t<span >\n\t\t\t\t\tConoce a lo que nos dedicamos\t\t\t\t<\/span>\n\t\t\t<\/div>\n\t\t\t\t\t\t\t\t\t<h2 class=\"mil-upper mil-up mil-mb-30\">\n\t\t\t\t<span >\n\t\t\t\t\tLa especialidad de fersa\t\t\t\t<\/span>\n\t\t\t<\/h2>\n\t\t\t\t\t<\/div>\n\n\t\t\t\t<\/div>\n\t\t\t\t<\/div>\n\t\t\t\t<\/div>\n\t\t<div class=\"elementor-element elementor-element-17ba71d e-con-full e-flex e-con e-child\" data-id=\"17ba71d\" data-element_type=\"container\" data-settings=\"{&quot;background_background&quot;:&quot;classic&quot;}\">\n\t\t\t\t<div class=\"elementor-element elementor-element-e7c26d2 elementor-widget elementor-widget-spacer\" data-id=\"e7c26d2\" data-element_type=\"widget\" data-widget_type=\"spacer.default\">\n\t\t\t\t<div class=\"elementor-widget-container\">\n\t\t\t\t\t<div class=\"elementor-spacer\">\n\t\t\t<div class=\"elementor-spacer-inner\"><\/div>\n\t\t<\/div>\n\t\t\t\t<\/div>\n\t\t\t\t<\/div>\n\t\t\t\t<div class=\"elementor-element elementor-element-8d0dcdb elementor-widget elementor-widget-text-editor\" data-id=\"8d0dcdb\" data-element_type=\"widget\" data-widget_type=\"text-editor.default\">\n\t\t\t\t<div class=\"elementor-widget-container\">\n\t\t\t\t\t\t\t<p class=\"break-words white-space-pre-wrap t-black--light text-body-medium\">Expertos en crear espacios funcionales que generen experiencias sorprendentes al usuario.<\/p>\t\t\t\t\t\t<\/div>\n\t\t\t\t<\/div>\n\t\t\t\t<\/div>\n\t\t\t\t\t<\/div>\n\t\t\t\t<\/div>\n\t\t<div class=\"elementor-element elementor-element-e7b6dfa e-grid e-con-boxed e-con e-parent\" data-id=\"e7b6dfa\" data-element_type=\"container\">\n\t\t\t\t\t<div class=\"e-con-inner\">\n\t\t\t\t<div class=\"elementor-element elementor-element-00d12b9 elementor-widget elementor-widget-ruizarch-services\" data-id=\"00d12b9\" data-element_type=\"widget\" data-widget_type=\"ruizarch-services.default\">\n\t\t\t\t<div class=\"elementor-widget-container\">\n\t\t\t\n\t\t\t\t\t<div class=\"mil-service-card mil-up mil-mb-30\">\n\t\t\t\t\t\t\t\t<div class=\"mil-card-number\">\n\t\t\t\t\t<span >\n\t\t\t\t\t\t01\t\t\t\t\t<\/span>\n\t\t\t\t<\/div>\n\t\t\t\t\t\t\t\t<div class=\"mil-center\">\t\t\t\t\t\t\t\t\t\t\t\t\t\t\t<div class=\"mil-icon mil-icon-lg mil-mb-30\">\n\t\t\t\t\t\t<svg aria-hidden=\"true\" class=\"e-font-icon-svg e-far-building\" viewBox=\"0 0 448 512\" xmlns=\"http:\/\/www.w3.org\/2000\/svg\"><path d=\"M128 148v-40c0-6.6 5.4-12 12-12h40c6.6 0 12 5.4 12 12v40c0 6.6-5.4 12-12 12h-40c-6.6 0-12-5.4-12-12zm140 12h40c6.6 0 12-5.4 12-12v-40c0-6.6-5.4-12-12-12h-40c-6.6 0-12 5.4-12 12v40c0 6.6 5.4 12 12 12zm-128 96h40c6.6 0 12-5.4 12-12v-40c0-6.6-5.4-12-12-12h-40c-6.6 0-12 5.4-12 12v40c0 6.6 5.4 12 12 12zm128 0h40c6.6 0 12-5.4 12-12v-40c0-6.6-5.4-12-12-12h-40c-6.6 0-12 5.4-12 12v40c0 6.6 5.4 12 12 12zm-76 84v-40c0-6.6-5.4-12-12-12h-40c-6.6 0-12 5.4-12 12v40c0 6.6 5.4 12 12 12h40c6.6 0 12-5.4 12-12zm76 12h40c6.6 0 12-5.4 12-12v-40c0-6.6-5.4-12-12-12h-40c-6.6 0-12 5.4-12 12v40c0 6.6 5.4 12 12 12zm180 124v36H0v-36c0-6.6 5.4-12 12-12h19.5V24c0-13.3 10.7-24 24-24h337c13.3 0 24 10.7 24 24v440H436c6.6 0 12 5.4 12 12zM79.5 463H192v-67c0-6.6 5.4-12 12-12h40c6.6 0 12 5.4 12 12v67h112.5V49L80 48l-.5 415z\"><\/path><\/svg>\t\t\t\t\t<\/div>\n\t\t\t\t\t\t\t\t\t\t\t\t\t\t\t\t\t\t\t\t\t\t\t\t\t<h4 class=\"mil-el-title mil-upper mil-mb-20\">\n\t\t\t\t\t\t<span >\n\t\t\t\t\t\t\tConstrucciones\t\t\t\t\t\t<\/span>\n\t\t\t\t\t<\/h4>\n\t\t\t\t\t\t\t\t\t\t<div class=\"mil-divider-sm mil-mb-20\"><\/div>\n\t\t\t\t\t\t\t\t\t\t\t\t\t\t\t\t\t\t\t\t<div class=\"mil-go-buton mil-icon mil-icon-lg mil-icon-accent-bg\">\n\t\t\t\t\t\t<img decoding=\"async\" src=\"https:\/\/fersaarquitectura.com\/web\/wp-content\/uploads\/2024\/05\/icons-7.svg\" alt=\"Construcciones\" \/>\n\t\t\t\t\t<\/div>\n\t\t\t\t\t\t\t\t\t\t\t\t\t\t<\/div>\t\t\t\t\n\t\t\t<\/div>\n\t\t\n\t\t\t<\/div>\n\t\t\t\t<\/div>\n\t\t\t\t<div class=\"elementor-element elementor-element-6930496 elementor-widget elementor-widget-ruizarch-services\" data-id=\"6930496\" data-element_type=\"widget\" data-widget_type=\"ruizarch-services.default\">\n\t\t\t\t<div class=\"elementor-widget-container\">\n\t\t\t\n\t\t\t\t\t<div class=\"mil-service-card mil-up mil-mb-30\">\n\t\t\t\t\t\t\t\t<div class=\"mil-card-number\">\n\t\t\t\t\t<span >\n\t\t\t\t\t\t02\t\t\t\t\t<\/span>\n\t\t\t\t<\/div>\n\t\t\t\t\t\t\t\t<div class=\"mil-center\">\t\t\t\t\t\t\t\t\t\t\t\t\t\t\t<div class=\"mil-icon mil-icon-lg mil-mb-30\">\n\t\t\t\t\t\t<svg aria-hidden=\"true\" class=\"e-font-icon-svg e-fas-house-user\" viewBox=\"0 0 576 512\" xmlns=\"http:\/\/www.w3.org\/2000\/svg\"><path d=\"M570.69,236.27,512,184.44V48a16,16,0,0,0-16-16H432a16,16,0,0,0-16,16V99.67L314.78,10.3C308.5,4.61,296.53,0,288,0s-20.46,4.61-26.74,10.3l-256,226A18.27,18.27,0,0,0,0,248.2a18.64,18.64,0,0,0,4.09,10.71L25.5,282.7a21.14,21.14,0,0,0,12,5.3,21.67,21.67,0,0,0,10.69-4.11l15.9-14V480a32,32,0,0,0,32,32H480a32,32,0,0,0,32-32V269.88l15.91,14A21.94,21.94,0,0,0,538.63,288a20.89,20.89,0,0,0,11.87-5.31l21.41-23.81A21.64,21.64,0,0,0,576,248.19,21,21,0,0,0,570.69,236.27ZM288,176a64,64,0,1,1-64,64A64,64,0,0,1,288,176ZM400,448H176a16,16,0,0,1-16-16,96,96,0,0,1,96-96h64a96,96,0,0,1,96,96A16,16,0,0,1,400,448Z\"><\/path><\/svg>\t\t\t\t\t<\/div>\n\t\t\t\t\t\t\t\t\t\t\t\t\t\t\t\t\t\t\t\t\t\t\t\t\t<h4 class=\"mil-el-title mil-upper mil-mb-20\">\n\t\t\t\t\t\t<span >\n\t\t\t\t\t\t\tcasas\t\t\t\t\t\t<\/span>\n\t\t\t\t\t<\/h4>\n\t\t\t\t\t\t\t\t\t\t<div class=\"mil-divider-sm mil-mb-20\"><\/div>\n\t\t\t\t\t\t\t\t\t\t\t\t\t\t\t\t\t\t\t\t<div class=\"mil-go-buton mil-icon mil-icon-lg mil-icon-accent-bg\">\n\t\t\t\t\t\t<img decoding=\"async\" src=\"https:\/\/fersaarquitectura.com\/web\/wp-content\/uploads\/2024\/05\/icons-7.svg\" alt=\"casas\" \/>\n\t\t\t\t\t<\/div>\n\t\t\t\t\t\t\t\t\t\t\t\t\t\t<\/div>\t\t\t\t\n\t\t\t<\/div>\n\t\t\n\t\t\t<\/div>\n\t\t\t\t<\/div>\n\t\t\t\t<div class=\"elementor-element elementor-element-11b230e elementor-widget elementor-widget-ruizarch-services\" data-id=\"11b230e\" data-element_type=\"widget\" data-widget_type=\"ruizarch-services.default\">\n\t\t\t\t<div class=\"elementor-widget-container\">\n\t\t\t\n\t\t\t\t\t<div class=\"mil-service-card mil-up mil-mb-30\">\n\t\t\t\t\t\t\t\t<div class=\"mil-card-number\">\n\t\t\t\t\t<span >\n\t\t\t\t\t\t03\t\t\t\t\t<\/span>\n\t\t\t\t<\/div>\n\t\t\t\t\t\t\t\t<div class=\"mil-center\">\t\t\t\t\t\t\t\t\t\t\t\t\t\t\t<div class=\"mil-icon mil-icon-lg mil-mb-30\">\n\t\t\t\t\t\t<svg aria-hidden=\"true\" class=\"e-font-icon-svg e-fas-desktop\" viewBox=\"0 0 576 512\" xmlns=\"http:\/\/www.w3.org\/2000\/svg\"><path d=\"M528 0H48C21.5 0 0 21.5 0 48v320c0 26.5 21.5 48 48 48h192l-16 48h-72c-13.3 0-24 10.7-24 24s10.7 24 24 24h272c13.3 0 24-10.7 24-24s-10.7-24-24-24h-72l-16-48h192c26.5 0 48-21.5 48-48V48c0-26.5-21.5-48-48-48zm-16 352H64V64h448v288z\"><\/path><\/svg>\t\t\t\t\t<\/div>\n\t\t\t\t\t\t\t\t\t\t\t\t\t\t\t\t\t\t\t\t\t\t\t\t\t<h4 class=\"mil-el-title mil-upper mil-mb-20\">\n\t\t\t\t\t\t<span >\n\t\t\t\t\t\t\tdise\u00f1os\t\t\t\t\t\t<\/span>\n\t\t\t\t\t<\/h4>\n\t\t\t\t\t\t\t\t\t\t<div class=\"mil-divider-sm mil-mb-20\"><\/div>\n\t\t\t\t\t\t\t\t\t\t\t\t\t\t\t\t\t\t\t\t<div class=\"mil-go-buton mil-icon mil-icon-lg mil-icon-accent-bg\">\n\t\t\t\t\t\t<img decoding=\"async\" src=\"https:\/\/fersaarquitectura.com\/web\/wp-content\/uploads\/2024\/05\/icons-7.svg\" alt=\"dise\u00f1os\" \/>\n\t\t\t\t\t<\/div>\n\t\t\t\t\t\t\t\t\t\t\t\t\t\t<\/div>\t\t\t\t\n\t\t\t<\/div>\n\t\t\n\t\t\t<\/div>\n\t\t\t\t<\/div>\n\t\t\t\t\t<\/div>\n\t\t\t\t<\/div>\n\t\t\t\t<\/div>\n\t\t","protected":false},"excerpt":{"rendered":"<p>M\u00c1S QUE UNA EMPRESA DE ARQUITECTURA Remodelaciones, construcciones y m\u00e1s CONOCE M\u00c1S 0+ A\u00f1os de experiencia 0+ Proyectos&#8230; <br \/><a href=\"https:\/\/fersaarquitectura.com\/web\/\" class=\"mil-link mil-upper mil-up mil-mt-30\"><span>Read<\/span><span class=\"mil-arrow\"><img decoding=\"async\" src=\"https:\/\/fersaarquitectura.com\/web\/wp-content\/themes\/ruizarch\/assets\/img\/icons\/1.svg\" alt=\"arrow\"><\/span><\/a><\/p>\n","protected":false},"author":1,"featured_media":0,"parent":0,"menu_order":0,"comment_status":"closed","ping_status":"closed","template":"elementor_header_footer","meta":{"_acf_changed":false,"footnotes":""},"class_list":["post-3350","page","type-page","status-publish","hentry"],"acf":[],"aioseo_notices":[],"_links":{"self":[{"href":"https:\/\/fersaarquitectura.com\/web\/wp-json\/wp\/v2\/pages\/3350","targetHints":{"allow":["GET"]}}],"collection":[{"href":"https:\/\/fersaarquitectura.com\/web\/wp-json\/wp\/v2\/pages"}],"about":[{"href":"https:\/\/fersaarquitectura.com\/web\/wp-json\/wp\/v2\/types\/page"}],"author":[{"embeddable":true,"href":"https:\/\/fersaarquitectura.com\/web\/wp-json\/wp\/v2\/users\/1"}],"replies":[{"embeddable":true,"href":"https:\/\/fersaarquitectura.com\/web\/wp-json\/wp\/v2\/comments?post=3350"}],"version-history":[{"count":152,"href":"https:\/\/fersaarquitectura.com\/web\/wp-json\/wp\/v2\/pages\/3350\/revisions"}],"predecessor-version":[{"id":3882,"href":"https:\/\/fersaarquitectura.com\/web\/wp-json\/wp\/v2\/pages\/3350\/revisions\/3882"}],"wp:attachment":[{"href":"https:\/\/fersaarquitectura.com\/web\/wp-json\/wp\/v2\/media?parent=3350"}],"curies":[{"name":"wp","href":"https:\/\/api.w.org\/{rel}","templated":true}]}}